{"id":10,"date":"2018-10-22T12:18:37","date_gmt":"2018-10-22T10:18:37","guid":{"rendered":"http:\/\/www.eigenmarkensharing.de\/?page_id=10"},"modified":"2018-11-06T15:25:39","modified_gmt":"2018-11-06T14:25:39","slug":"ueber-mich","status":"publish","type":"page","link":"https:\/\/www.eigenmarkensharing.de\/?page_id=10","title":{"rendered":"\u00dcber uns."},"content":{"rendered":"<p><strong>Eingenmarken-Sharing<\/strong> ist ein Projekt von <strong>ARDAU WEINIMPORT GmbH<\/strong>. Wir sind 2017 stolze 50 Jahre alt geworden und haben uns auf den Import und den Vertrieb von Wein und Feinkost aus Spanien und Portugal spezialisiert.<\/p>\n<p>Und weil wir gutes Essen und Trinken lieben, haben nat\u00fcrlich auch ausgew\u00e4hlte Weine aus Italien, Deutschland und \u00dcbersee im Programm. Vervollst\u00e4ndigt wird das Angebot durch ausgew\u00e4hlte Spirituosen wie Gin, Wermuth, Vodka und Brandy und Grappa, dazu passende Mixer &amp; Filler gibt&#8217;s auch bei uns.<\/p>\n","protected":false},"excerpt":{"rendered":"<p>Eingenmarken-Sharing ist ein Projekt von ARDAU WEINIMPORT GmbH. Wir sind 2017 stolze 50 Jahre alt geworden und haben uns auf den Import und den Vertrieb von Wein und Feinkost aus Spanien und Portugal spezialisiert. Und weil wir gutes Essen und Trinken lieben, haben nat\u00fcrlich auch ausgew\u00e4hlte Weine aus Italien, Deutschland und \u00dcbersee im Programm. Vervollst\u00e4ndigt [&hellip;]<\/p>\n","protected":false},"author":2,"featured_media":0,"parent":0,"menu_order":0,"comment_status":"closed","ping_status":"closed","template":"","meta":{"inline_featured_image":false,"footnotes":""},"class_list":["post-10","page","type-page","status-publish","hentry"],"_links":{"self":[{"href":"https:\/\/www.eigenmarkensharing.de\/index.php?rest_route=\/wp\/v2\/pages\/10","targetHints":{"allow":["GET"]}}],"collection":[{"href":"https:\/\/www.eigenmarkensharing.de\/index.php?rest_route=\/wp\/v2\/pages"}],"about":[{"href":"https:\/\/www.eigenmarkensharing.de\/index.php?rest_route=\/wp\/v2\/types\/page"}],"author":[{"embeddable":true,"href":"https:\/\/www.eigenmarkensharing.de\/index.php?rest_route=\/wp\/v2\/users\/2"}],"replies":[{"embeddable":true,"href":"https:\/\/www.eigenmarkensharing.de\/index.php?rest_route=%2Fwp%2Fv2%2Fcomments&post=10"}],"version-history":[{"count":4,"href":"https:\/\/www.eigenmarkensharing.de\/index.php?rest_route=\/wp\/v2\/pages\/10\/revisions"}],"predecessor-version":[{"id":79,"href":"https:\/\/www.eigenmarkensharing.de\/index.php?rest_route=\/wp\/v2\/pages\/10\/revisions\/79"}],"wp:attachment":[{"href":"https:\/\/www.eigenmarkensharing.de\/index.php?rest_route=%2Fwp%2Fv2%2Fmedia&parent=10"}],"curies":[{"name":"wp","href":"https:\/\/api.w.org\/{rel}","templated":true}]}}