{"id":9,"date":"2018-10-22T12:18:37","date_gmt":"2018-10-22T10:18:37","guid":{"rendered":"http:\/\/www.eigenmarkensharing.de\/?page_id=9"},"modified":"2018-11-06T15:46:07","modified_gmt":"2018-11-06T14:46:07","slug":"startseite","status":"publish","type":"page","link":"https:\/\/www.eigenmarkensharing.de\/","title":{"rendered":"Startseite."},"content":{"rendered":"<div class=\"wp-playlist wp-video-playlist wp-playlist-light\">\n\t\t<video controls=\"controls\" preload=\"none\" width=\"618\"\n\t\t height=\"348\"\t><\/video>\n\t<div class=\"wp-playlist-next\"><\/div>\n\t<div class=\"wp-playlist-prev\"><\/div>\n\t<noscript>\n\t<ol>\n\t\t<li><a href='https:\/\/www.eigenmarkensharing.de\/wp-content\/uploads\/2018\/10\/Ardau-Weinimport_3rd-Cut_Final.mp4'>Eigenmarkensharing erkl\u00e4rt<\/a><\/li>\t<\/ol>\n\t<\/noscript>\n\t<script type=\"application\/json\" class=\"wp-playlist-script\">{\"type\":\"video\",\"tracklist\":true,\"tracknumbers\":true,\"images\":true,\"artists\":true,\"tracks\":[{\"src\":\"https:\/\/www.eigenmarkensharing.de\/wp-content\/uploads\/2018\/10\/Ardau-Weinimport_3rd-Cut_Final.mp4\",\"type\":\"video\/mp4\",\"title\":\"Eigenmarkensharing erkl\\u00e4rt\",\"caption\":\"\",\"description\":\"\",\"meta\":{\"length_formatted\":\"2:06\"},\"dimensions\":{\"original\":{\"width\":1920,\"height\":1080},\"resized\":{\"width\":618,\"height\":348}},\"image\":{\"src\":\"https:\/\/www.eigenmarkensharing.de\/wp-includes\/images\/media\/video.svg\",\"width\":48,\"height\":64},\"thumb\":{\"src\":\"https:\/\/www.eigenmarkensharing.de\/wp-includes\/images\/media\/video.svg\",\"width\":48,\"height\":64}}]}<\/script>\n<\/div>\n\t\n<p>&nbsp;<\/p>\n<h4 style=\"text-align: center;\"><strong>Guten Tag und herzlich willkommen bei Eigenmarken-Sharing, dem modernen Konzept f\u00fcr den station\u00e4ren Fachhandel.<\/strong><\/h4>\n<p style=\"text-align: center;\">In unserem kurzen Erkl\u00e4rvideo erfahren Sie alles Wesentliche \u00fcber unsere neue Idee.<\/p>\n<p style=\"text-align: center;\">Sie haben weitere Fragen? Dann steht Ihnen Ihr Gebietsverkaufsleiter gerne pers\u00f6nlich unter den Ihnen bekannten Kontaktdaten zur Verf\u00fcgung.<\/p>\n<p style=\"text-align: center;\">Sie sind Neukunde? Eine kurze Nachricht an <a href=\"mailto:eigenmarkensharing@ardau.de\">eigenmarkensharing@ardau.de<\/a> und Sie werden umgehend zur\u00fcckgerufen.<\/p>\n<p>&nbsp;<\/p>\n","protected":false},"excerpt":{"rendered":"<p>&nbsp; Guten Tag und herzlich willkommen bei Eigenmarken-Sharing, dem modernen Konzept f\u00fcr den station\u00e4ren Fachhandel. In unserem kurzen Erkl\u00e4rvideo erfahren Sie alles Wesentliche \u00fcber unsere neue Idee. Sie haben weitere Fragen? Dann steht Ihnen Ihr Gebietsverkaufsleiter gerne pers\u00f6nlich unter den Ihnen bekannten Kontaktdaten zur Verf\u00fcgung. Sie sind Neukunde? Eine kurze Nachricht an eigenmarkensharing@ardau.de und Sie [&hellip;]<\/p>\n","protected":false},"author":2,"featured_media":0,"parent":0,"menu_order":0,"comment_status":"closed","ping_status":"closed","template":"","meta":{"inline_featured_image":false,"footnotes":""},"class_list":["post-9","page","type-page","status-publish","hentry"],"_links":{"self":[{"href":"https:\/\/www.eigenmarkensharing.de\/index.php?rest_route=\/wp\/v2\/pages\/9","targetHints":{"allow":["GET"]}}],"collection":[{"href":"https:\/\/www.eigenmarkensharing.de\/index.php?rest_route=\/wp\/v2\/pages"}],"about":[{"href":"https:\/\/www.eigenmarkensharing.de\/index.php?rest_route=\/wp\/v2\/types\/page"}],"author":[{"embeddable":true,"href":"https:\/\/www.eigenmarkensharing.de\/index.php?rest_route=\/wp\/v2\/users\/2"}],"replies":[{"embeddable":true,"href":"https:\/\/www.eigenmarkensharing.de\/index.php?rest_route=%2Fwp%2Fv2%2Fcomments&post=9"}],"version-history":[{"count":11,"href":"https:\/\/www.eigenmarkensharing.de\/index.php?rest_route=\/wp\/v2\/pages\/9\/revisions"}],"predecessor-version":[{"id":114,"href":"https:\/\/www.eigenmarkensharing.de\/index.php?rest_route=\/wp\/v2\/pages\/9\/revisions\/114"}],"wp:attachment":[{"href":"https:\/\/www.eigenmarkensharing.de\/index.php?rest_route=%2Fwp%2Fv2%2Fmedia&parent=9"}],"curies":[{"name":"wp","href":"https:\/\/api.w.org\/{rel}","templated":true}]}}